{"id":54,"date":"2026-02-23T10:03:31","date_gmt":"2026-02-23T13:03:31","guid":{"rendered":"https:\/\/lujosflotantes.com\/?page_id=54"},"modified":"2026-03-02T09:34:03","modified_gmt":"2026-03-02T12:34:03","slug":"contact-2","status":"publish","type":"page","link":"https:\/\/lujosflotantes.com\/?page_id=54","title":{"rendered":"Contacto"},"content":{"rendered":"\n<div style=\"height:156px\" aria-hidden=\"true\" class=\"wp-block-spacer\"><\/div>\n\n\n\n<div class=\"wp-block-group has-global-padding is-layout-constrained wp-block-group-is-layout-constrained\">\n<div class=\"wp-block-columns are-vertically-aligned-top is-layout-flex wp-container-core-columns-is-layout-d7d455e7 wp-block-columns-is-layout-flex\" style=\"padding-top:0;padding-right:0;padding-bottom:0;padding-left:0\">\n<div class=\"wp-block-column is-vertically-aligned-top is-layout-flow wp-block-column-is-layout-flow\" style=\"padding-right:7%;flex-basis:50%\">\n<p class=\"has-text-color\" style=\"color:#0bb4aa\">\u00bfQu\u00e9 est\u00e1s esperando? <\/p>\n\n\n\n<h2 class=\"wp-block-heading has-large-font-size\">Viv\u00ed la experiencia de Lujos Flotantes<\/h2>\n\n\n\n<p>El r\u00edo, la embarcaci\u00f3n y el servicio est\u00e1n listos. Solo falta definir la fecha. Escr\u00edbanos y planifiquemos juntos tu pr\u00f3xima experiencia en el agua.<\/p>\n<\/div>\n\n\n\n<div class=\"wp-block-column is-vertically-aligned-top is-layout-flow wp-block-column-is-layout-flow\" style=\"flex-basis:50%\"><\/div>\n<\/div>\n\n\n\n<div style=\"height:135px\" aria-hidden=\"true\" class=\"wp-block-spacer\"><\/div>\n<\/div>\n\n\n\n<div class=\"wp-block-group alignfull has-global-padding is-layout-constrained wp-container-core-group-is-layout-19e250f3 wp-block-group-is-layout-constrained\">\n<div class=\"wp-block-columns alignfull are-vertically-aligned-center has-light-background-background-color has-background is-layout-flex wp-container-core-columns-is-layout-dd282781 wp-block-columns-is-layout-flex\" style=\"padding-top:0;padding-right:0;padding-bottom:0;padding-left:0\">\n<div class=\"wp-block-column is-vertically-aligned-center is-layout-flow wp-block-column-is-layout-flow\" style=\"padding-top:var(--wp--preset--spacing--small);padding-right:var(--wp--preset--spacing--small);padding-bottom:var(--wp--preset--spacing--small);padding-left:2%;flex-basis:50%\">\n<h3 class=\"wp-block-heading has-large-font-size\"><\/h3>\n\n\n\n<h3 class=\"wp-block-heading\"><strong>Direcci\u00f3n<\/strong><\/h3>\n\n\n\n<p>MiradorTEC, Oficina 106 | Paran\u00e1 \u2013 Entre R\u00edos<\/p>\n\n\n\n<h3 class=\"wp-block-heading\"><strong>Email<\/strong><\/h3>\n\n\n\n<p>bnb.online.manager@gmail.com<\/p>\n\n\n\n<h3 class=\"wp-block-heading\"><strong>Celular<\/strong><\/h3>\n\n\n\n<p><a href=\"https:\/\/wa.me\/3433016780\" data-type=\"link\" data-id=\"https:\/\/wa.me\/3433016780\">+54 9343 3016 780<\/a><\/p>\n<\/div>\n<\/div>\n<\/div>\n\n\n\n<div class=\"wp-block-group is-layout-flow wp-block-group-is-layout-flow\">\n<div class=\"wp-block-group is-layout-flow wp-block-group-is-layout-flow\">\n<div style=\"height:69px\" aria-hidden=\"true\" class=\"wp-block-spacer\"><\/div>\n\n\n\n<div class=\"wp-block-columns is-layout-flex wp-container-core-columns-is-layout-28f84493 wp-block-columns-is-layout-flex\">\n<div class=\"wp-block-column is-layout-flow wp-block-column-is-layout-flow\">\n<p class=\"has-text-align-left has-text-color\" style=\"color:#0bb4aa\">D\u00d3NDE ESTAMOS<\/p>\n\n\n\n<h2 class=\"wp-block-heading has-text-align-left has-large-font-size\">Nuestras ubicaciones<\/h2>\n\n\n\n<div class=\"wp-block-columns is-layout-flex wp-container-core-columns-is-layout-28f84493 wp-block-columns-is-layout-flex\">\n<div class=\"wp-block-column is-layout-flow wp-block-column-is-layout-flow\">\n<p style=\"line-height:2.5\">Entre R\u00edos<br>Buenos Aires<\/p>\n<\/div>\n<\/div>\n<\/div>\n\n\n\n<div class=\"wp-block-column is-layout-flow wp-block-column-is-layout-flow\">\n<figure class=\"wp-block-image size-large\"><img decoding=\"async\" src=\"https:\/\/lujosflotantes.com\/wp-content\/themes\/inspiro\/assets\/images\/map.png\" alt=\"\" class=\"wp-image-5640\"\/><\/figure>\n<\/div>\n<\/div>\n\n\n\n<div style=\"height:52px\" aria-hidden=\"true\" class=\"wp-block-spacer\"><\/div>\n<\/div>\n<\/div>\n\n\n","protected":false},"excerpt":{"rendered":"<p>\u00bfQu\u00e9 est\u00e1s esperando? Viv\u00ed la experiencia de Lujos Flotantes El r\u00edo, la embarcaci\u00f3n y el servicio est\u00e1n listos. Solo falta definir la fecha. Escr\u00edbanos y planifiquemos juntos tu pr\u00f3xima experiencia en el agua. Direcci\u00f3n MiradorTEC, Oficina 106 | Paran\u00e1 \u2013 Entre R\u00edos Email bnb.online.manager@gmail.com Celular +54 9343 3016 780 D\u00d3NDE ESTAMOS Nuestras ubicaciones Entre R\u00edosBuenos &hellip; <\/p>\n<p class=\"link-more\"><a href=\"https:\/\/lujosflotantes.com\/?page_id=54\" class=\"more-link\">Read more<span class=\"screen-reader-text\"> &#8220;Contacto&#8221;<\/span><\/a><\/p>\n","protected":false},"author":1,"featured_media":184,"parent":0,"menu_order":0,"comment_status":"closed","ping_status":"closed","template":"","meta":{"inspiro_hide_title":false,"footnotes":""},"class_list":["post-54","page","type-page","status-publish","has-post-thumbnail","hentry"],"_links":{"self":[{"href":"https:\/\/lujosflotantes.com\/index.php?rest_route=\/wp\/v2\/pages\/54","targetHints":{"allow":["GET"]}}],"collection":[{"href":"https:\/\/lujosflotantes.com\/index.php?rest_route=\/wp\/v2\/pages"}],"about":[{"href":"https:\/\/lujosflotantes.com\/index.php?rest_route=\/wp\/v2\/types\/page"}],"author":[{"embeddable":true,"href":"https:\/\/lujosflotantes.com\/index.php?rest_route=\/wp\/v2\/users\/1"}],"replies":[{"embeddable":true,"href":"https:\/\/lujosflotantes.com\/index.php?rest_route=%2Fwp%2Fv2%2Fcomments&post=54"}],"version-history":[{"count":10,"href":"https:\/\/lujosflotantes.com\/index.php?rest_route=\/wp\/v2\/pages\/54\/revisions"}],"predecessor-version":[{"id":199,"href":"https:\/\/lujosflotantes.com\/index.php?rest_route=\/wp\/v2\/pages\/54\/revisions\/199"}],"wp:featuredmedia":[{"embeddable":true,"href":"https:\/\/lujosflotantes.com\/index.php?rest_route=\/wp\/v2\/media\/184"}],"wp:attachment":[{"href":"https:\/\/lujosflotantes.com\/index.php?rest_route=%2Fwp%2Fv2%2Fmedia&parent=54"}],"curies":[{"name":"wp","href":"https:\/\/api.w.org\/{rel}","templated":true}]}}